{"id":862,"date":"2020-11-30T13:29:42","date_gmt":"2020-11-30T13:29:42","guid":{"rendered":"https:\/\/komur.sehitkamilsydv.org.tr\/?page_id=862"},"modified":"2026-01-29T08:42:49","modified_gmt":"2026-01-29T08:42:49","slug":"gelen-komur-miktari","status":"publish","type":"page","link":"https:\/\/komur.sehitkamilsydv.org.tr\/index.php\/gelen-komur-miktari\/","title":{"rendered":"2025 VER\u0130 G\u0130R\u0130\u015e\u0130 SAYFASI"},"content":{"rendered":"","protected":true},"excerpt":{"rendered":"","protected":true},"author":9,"featured_media":0,"parent":0,"menu_order":0,"comment_status":"closed","ping_status":"closed","template":"","meta":[],"_links":{"self":[{"href":"https:\/\/komur.sehitkamilsydv.org.tr\/index.php\/wp-json\/wp\/v2\/pages\/862"}],"collection":[{"href":"https:\/\/komur.sehitkamilsydv.org.tr\/index.php\/wp-json\/wp\/v2\/pages"}],"about":[{"href":"https:\/\/komur.sehitkamilsydv.org.tr\/index.php\/wp-json\/wp\/v2\/types\/page"}],"author":[{"embeddable":true,"href":"https:\/\/komur.sehitkamilsydv.org.tr\/index.php\/wp-json\/wp\/v2\/users\/9"}],"replies":[{"embeddable":true,"href":"https:\/\/komur.sehitkamilsydv.org.tr\/index.php\/wp-json\/wp\/v2\/comments?post=862"}],"version-history":[{"count":26,"href":"https:\/\/komur.sehitkamilsydv.org.tr\/index.php\/wp-json\/wp\/v2\/pages\/862\/revisions"}],"predecessor-version":[{"id":3851,"href":"https:\/\/komur.sehitkamilsydv.org.tr\/index.php\/wp-json\/wp\/v2\/pages\/862\/revisions\/3851"}],"wp:attachment":[{"href":"https:\/\/komur.sehitkamilsydv.org.tr\/index.php\/wp-json\/wp\/v2\/media?parent=862"}],"curies":[{"name":"wp","href":"https:\/\/api.w.org\/{rel}","templated":true}]}}