{"id":606,"date":"2020-06-24T12:12:00","date_gmt":"2020-06-24T12:12:00","guid":{"rendered":"https:\/\/komur.sehitkamilsydv.org.tr\/?page_id=606"},"modified":"2024-04-29T06:50:07","modified_gmt":"2024-04-29T06:50:07","slug":"muhtarlar-listesi","status":"publish","type":"page","link":"https:\/\/komur.sehitkamilsydv.org.tr\/index.php\/muhtarlar-listesi\/","title":{"rendered":"MUHTARLAR L\u0130STES\u0130"},"content":{"rendered":"<div id=\"pl-606\"  class=\"panel-layout\" ><div id=\"pg-606-0\"  class=\"panel-grid panel-no-style\" ><div id=\"pgc-606-0-0\"  class=\"panel-grid-cell\" ><div id=\"panel-606-0-0-0\" class=\"so-panel widget widget_sow-editor panel-first-child panel-last-child\" data-index=\"0\" ><div\n\t\t\t\n\t\t\tclass=\"so-widget-sow-editor so-widget-sow-editor-base\"\n\t\t\t\n\t\t>\n<div class=\"siteorigin-widget-tinymce textwidget\">\n\t<h2><strong><a href=\"https:\/\/komur.sehitkamilsydv.org.tr\/wp-content\/uploads\/2024\/04\/muhtarlar29.04.2024.xlsx\">DOSYAYI \u0130ND\u0130R<\/a><\/strong>\u00a0 \u00a0<a href=\"https:\/\/komur.sehitkamilsydv.org.tr\/wp-content\/uploads\/2024\/04\/muhtarlar29.04.2024.xlsx\"><img decoding=\"async\" loading=\"lazy\" class=\"alignnone wp-image-3193\" style=\"font-size: 16px;\" src=\"https:\/\/komur.sehitkamilsydv.org.tr\/wp-content\/uploads\/2022\/04\/EXCEL.jpg\" alt=\"\" width=\"114\" height=\"50\" \/><\/a><\/h2>\n<h2>K\u00d6Y \u0130MARLI MERKEZ AYRILMI\u015e \u015eEK\u0130LDE EXCEL \u0130ND\u0130REB\u0130L\u0130RS\u0130N\u0130Z.<\/h2>\n<table width=\"740\">\n<tbody>\n<tr>\n<td width=\"42\">S.NO<\/td>\n<td width=\"128\">MAHALLEN\u0130N ADI<\/td>\n<td width=\"183\">MUHTARIN ADI VE SOYADI<\/td>\n<td width=\"387\">D\u0130REKT ARAMA<\/td>\n<\/tr>\n<tr>\n<td>1<\/td>\n<td>15 Temmuz<\/td>\n<td width=\"183\">MEHMET O\u011eUR<\/td>\n<td><a href=\"tel:05326647274\">05326647274<\/a><\/td>\n<\/tr>\n<tr>\n<td>2<\/td>\n<td>29 Ekim<\/td>\n<td width=\"183\">MENDERES KILI\u00c7<\/td>\n<td><a href=\"tel:05415464384\">05415464384<\/a><\/td>\n<\/tr>\n<tr>\n<td>3<\/td>\n<td>8 \u015eubat<\/td>\n<td width=\"183\">MET\u0130N KO\u00c7ASLAN<\/td>\n<td><a href=\"tel:05376009554\">05376009554<\/a><\/td>\n<\/tr>\n<tr>\n<td>4<\/td>\n<td>Acaroba<\/td>\n<td width=\"183\">\u00d6KKE\u015e BE\u015eE<\/td>\n<td><a href=\"tel:05364294817\">05364294817<\/a><\/td>\n<\/tr>\n<tr>\n<td>5<\/td>\n<td>A\u011fa\u00e7l\u0131 Boyno<\/td>\n<td width=\"183\">YILDIRIM BOYNO<\/td>\n<td><a href=\"tel:05323656891\">05323656891<\/a><\/td>\n<\/tr>\n<tr>\n<td>6<\/td>\n<td>Ak\u00e7abur\u00e7<\/td>\n<td width=\"183\">\u00d6ZCAN A\u011eTA\u015e<\/td>\n<td><a href=\"tel:05354992837\">05354992837<\/a><\/td>\n<\/tr>\n<tr>\n<td>7<\/td>\n<td>Ak\u00e7ag\u00f6ze<\/td>\n<td width=\"183\">YILMAZ K\u00d6SEO\u011eLU<\/td>\n<td><a href=\"tel:05436335317\">05436335317<\/a><\/td>\n<\/tr>\n<tr>\n<td>8<\/td>\n<td>Aktoprak<\/td>\n<td width=\"183\">AHMET BAYRAM<\/td>\n<td><a href=\"tel:05446378644\">05446378644<\/a><\/td>\n<\/tr>\n<tr>\n<td>9<\/td>\n<td>Alpaslan<\/td>\n<td width=\"183\">AL\u0130 K\u00d6SEO\u011eLU<\/td>\n<td><a href=\"tel:05354667292\">05354667292<\/a><\/td>\n<\/tr>\n<tr>\n<td>10<\/td>\n<td>Alt\u0131nova (Medeg\u00f6z)<\/td>\n<td width=\"183\">MUH\u0130TT\u0130N T\u00d6LEK<\/td>\n<td><a href=\"tel:05388729335\">05388729335<\/a><\/td>\n<\/tr>\n<tr>\n<td>11<\/td>\n<td>A\u015fa\u011f\u0131 Ar\u0131l<\/td>\n<td width=\"183\">MEHMET FAT\u0130H C\u0130HAN<\/td>\n<td><a href=\"tel:05367214633\">05367214633<\/a><\/td>\n<\/tr>\n<tr>\n<td>12<\/td>\n<td>Atabek<\/td>\n<td width=\"183\">AD\u0130L DURMAZ<\/td>\n<td><a href=\"tel:05358771861\">05358771861<\/a><\/td>\n<\/tr>\n<tr>\n<td>13<\/td>\n<td>Atalar<\/td>\n<td width=\"183\">KEMAL \u00c7\u00d6K\u00dcKO\u011eLU<\/td>\n<td><a href=\"tel:05358211285\">05358211285<\/a><\/td>\n<\/tr>\n<tr>\n<td>14<\/td>\n<td>Atat\u00fcrk<\/td>\n<td width=\"183\">FATMA BUR\u00c7\u0130N U\u00c7AR<\/td>\n<td><a href=\"tel:05458029545\">05458029545<\/a><\/td>\n<\/tr>\n<tr>\n<td>15<\/td>\n<td>Ba\u011fba\u015f\u0131<\/td>\n<td width=\"183\">BEHL\u00dcL POLAT<\/td>\n<td><a href=\"tel:05385146855\">05385146855<\/a><\/td>\n<\/tr>\n<tr>\n<td>16<\/td>\n<td>Battal<\/td>\n<td width=\"183\">ABDULLAH BEKLER<\/td>\n<td><a href=\"tel:05384195808\">05384195808<\/a><\/td>\n<\/tr>\n<tr>\n<td>17<\/td>\n<td>Bat\u0131kent<\/td>\n<td width=\"183\">EDA ERDEM<\/td>\n<td><a href=\"tel:05063737643\">05063737643<\/a><\/td>\n<\/tr>\n<tr>\n<td>18<\/td>\n<td>Bayatl\u0131<\/td>\n<td width=\"183\">OSMAN \u015e\u0130NKAN<\/td>\n<td><a href=\"tel:05365094817\">05365094817<\/a><\/td>\n<\/tr>\n<tr>\n<td>19<\/td>\n<td>Bedirkent<\/td>\n<td width=\"183\">ABDULLAH YILMAZ<\/td>\n<td><a href=\"tel:05394543076\">05394543076<\/a><\/td>\n<\/tr>\n<tr>\n<td>20<\/td>\n<td>Belk\u0131s<\/td>\n<td width=\"183\">ENVER \u00d6ZEK\u0130C\u0130<\/td>\n<td><a href=\"tel:05357742996\">05357742996<\/a><\/td>\n<\/tr>\n<tr>\n<td>21<\/td>\n<td>Beykent<\/td>\n<td width=\"183\">B\u00dcLENT ERTENL\u0130CE<\/td>\n<td><a href=\"tel:05331527227\">05331527227<\/a><\/td>\n<\/tr>\n<tr>\n<td>22<\/td>\n<td>Beyreli<\/td>\n<td width=\"183\">MEHMET KARAO\u011eLAN<\/td>\n<td><a href=\"tel:05336965284\">05336965284<\/a><\/td>\n<\/tr>\n<tr>\n<td>23<\/td>\n<td>Bilek<\/td>\n<td width=\"183\">DURMU\u015e KILIN\u00c7<\/td>\n<td><a href=\"tel:05365149051\">05365149051<\/a><\/td>\n<\/tr>\n<tr>\n<td>24<\/td>\n<td>Boyno Mah.<\/td>\n<td width=\"183\">MEHMET DURDU SARIKAYA<\/td>\n<td><a href=\"tel:05383501227\">05383501227<\/a><\/td>\n<\/tr>\n<tr>\n<td>25<\/td>\n<td>Bozobas\u0131<\/td>\n<td width=\"183\">MUSTAFA KO\u00c7O\u011eLU<\/td>\n<td><a href=\"tel:05375831611\">05375831611<\/a><\/td>\n<\/tr>\n<tr>\n<td>26<\/td>\n<td>Burak<\/td>\n<td width=\"183\">MEHMET AL\u0130 SA\u011eDI\u00c7<\/td>\n<td><a href=\"tel:05531179850\">05531179850<\/a><\/td>\n<\/tr>\n<tr>\n<td>27<\/td>\n<td>B\u00fcy\u00fckp\u0131nar<\/td>\n<td width=\"183\">HAL\u0130L TERLEMEZ<\/td>\n<td><a href=\"tel:05326531884\">05326531884<\/a><\/td>\n<\/tr>\n<tr>\n<td>28<\/td>\n<td>CeritYeniyapan<\/td>\n<td>HAYRETT\u0130N ASLANO\u011eLU<\/td>\n<td><a href=\"tel:05532845474\">05532845474<\/a><\/td>\n<\/tr>\n<tr>\n<td>29<\/td>\n<td>\u00c7aml\u0131tepe<\/td>\n<td width=\"183\">MEHMET CEM\u0130L \u015eAH\u0130N<\/td>\n<td><a href=\"tel:05326247525\">05326247525<\/a><\/td>\n<\/tr>\n<tr>\n<td>30<\/td>\n<td>\u00c7a\u011fkuyu<\/td>\n<td width=\"183\">SELAHATT\u0130N TURAN<\/td>\n<td><a href=\"tel:05326421746\">05326421746<\/a><\/td>\n<\/tr>\n<tr>\n<td>31<\/td>\n<td>\u00c7\u0131ksorut<\/td>\n<td width=\"183\">BAYRAM GELE\u015e<\/td>\n<td><a href=\"tel:05537219198\">05537219198<\/a><\/td>\n<\/tr>\n<tr>\n<td>32<\/td>\n<td>De\u011firmi\u00e7em<\/td>\n<td width=\"183\">OYA YAZ\u011eAN<\/td>\n<td><a href=\"tel:05076907272\">05076907272<\/a><\/td>\n<\/tr>\n<tr>\n<td>33<\/td>\n<td>D\u0131m\u0131\u015fk\u0131l\u0131<\/td>\n<td width=\"183\">FEVZ\u0130 G\u00dcNDO\u011eAN<\/td>\n<td><a href=\"tel:05393002380\">05393002380<\/a><\/td>\n<\/tr>\n<tr>\n<td>34<\/td>\n<td>Durnal\u0131k<\/td>\n<td width=\"183\">S\u00dcLEYMAN \u00c7AY<\/td>\n<td><a href=\"tel:05442217916\">05442217916<\/a><\/td>\n<\/tr>\n<tr>\n<td>35<\/td>\n<td>D\u00fcl\u00fck<\/td>\n<td width=\"183\">HASAN D\u0130KEN<\/td>\n<td><a href=\"tel:05337446039\">05337446039<\/a><\/td>\n<\/tr>\n<tr>\n<td>36<\/td>\n<td>D\u00fcndarl\u0131<\/td>\n<td width=\"183\">NAF\u0130 \u00c7OBAN<\/td>\n<td><a href=\"tel:05387316793\">05387316793<\/a><\/td>\n<\/tr>\n<tr>\n<td>37<\/td>\n<td>Erikli<\/td>\n<td width=\"183\">HAL\u0130L CANDEM\u0130R<\/td>\n<td><a href=\"tel:05077415343\">05077415343<\/a><\/td>\n<\/tr>\n<tr>\n<td>38<\/td>\n<td>Eski\u015farkaya<\/td>\n<td width=\"183\">AL\u0130 \u0130HSAN KESER<\/td>\n<td><a href=\"tel:05334962105\">05334962105<\/a><\/td>\n<\/tr>\n<tr>\n<td>39<\/td>\n<td>Eydibaba<\/td>\n<td width=\"183\">\u0130BRAH\u0130M HAL\u0130L KAR\u011eIN<\/td>\n<td><a href=\"tel:05323520636\">05323520636<\/a><\/td>\n<\/tr>\n<tr>\n<td>40<\/td>\n<td>Ey\u00fcpsultan<\/td>\n<td width=\"183\">ERDO\u011eAN PAHLAK<\/td>\n<td><a href=\"tel:05368954238\">05368954238<\/a><\/td>\n<\/tr>\n<tr>\n<td>41<\/td>\n<td>F\u0131st\u0131kl\u0131k<\/td>\n<td width=\"183\">\u0130HSAN D\u00dcL\u00dcKL\u00dcO\u011eULLARI<\/td>\n<td><a href=\"tel:05374481569\">05374481569<\/a><\/td>\n<\/tr>\n<tr>\n<td>42<\/td>\n<td>Gazikent<\/td>\n<td width=\"183\">MUSTAFA B\u0130\u015eK\u0130N<\/td>\n<td><a href=\"tel:05355038638\">05355038638<\/a><\/td>\n<\/tr>\n<tr>\n<td>43<\/td>\n<td>Gaziler<\/td>\n<td width=\"183\">ZEHRA NUR K\u00d6\u015eKER TAH\u0130RO\u011eLU<\/td>\n<td><a href=\"tel:05534777684\">05534777684<\/a><\/td>\n<\/tr>\n<tr>\n<td>44<\/td>\n<td>G\u00f6ks\u00fcnc\u00fck<\/td>\n<td width=\"183\">H\u00dcSAMETT\u0130N SARIO\u011eLU<\/td>\n<td><a href=\"tel:05385563061\">05385563061<\/a><\/td>\n<\/tr>\n<tr>\n<td>45<\/td>\n<td>G\u00f6kt\u00fcrk<\/td>\n<td width=\"183\">MUZAFFER Y\u0130\u011e\u0130T<\/td>\n<td><a href=\"tel:05396405353\">05396405353<\/a><\/td>\n<\/tr>\n<tr>\n<td>46<\/td>\n<td>G\u00f6ll\u00fcce<\/td>\n<td width=\"183\">MUSTAFA DA\u011eLIO\u011eLU<\/td>\n<td><a href=\"tel:05307604682\">05307604682<\/a><\/td>\n<\/tr>\n<tr>\n<td>47<\/td>\n<td>G\u00fcnbulur<\/td>\n<td width=\"183\">MEM\u0130K DEDE G\u00d6KER<\/td>\n<td><a href=\"tel:05337333055\">05337333055<\/a><\/td>\n<\/tr>\n<tr>\n<td>48<\/td>\n<td>G\u00fcng\u00fcrge<\/td>\n<td width=\"183\">CUMA \u00d6KEL\u0130<\/td>\n<td><a href=\"tel:05386255593\">05386255593<\/a><\/td>\n<\/tr>\n<tr>\n<td>49<\/td>\n<td>G\u00fcvenevler<\/td>\n<td width=\"183\">U\u011eUR G\u00d6K\u00c7EK<\/td>\n<td><a href=\"tel:05338903263\">05338903263<\/a><\/td>\n<\/tr>\n<tr>\n<td>50<\/td>\n<td>Hac\u0131baba<\/td>\n<td width=\"183\">AL\u0130 POLAT<\/td>\n<td><a href=\"tel:05332737073\">05332737073<\/a><\/td>\n<\/tr>\n<tr>\n<td>51<\/td>\n<td>I\u015f\u0131kl\u0131<\/td>\n<td width=\"183\">MEHMET ASLANER<\/td>\n<td><a href=\"tel:05364927915\">05364927915<\/a><\/td>\n<\/tr>\n<tr>\n<td>52<\/td>\n<td>\u0130brahimli<\/td>\n<td width=\"183\">HASAN H\u00dcSEY\u0130N YA\u015eAMALI<\/td>\n<td><a href=\"tel:05322911409\">05322911409<\/a><\/td>\n<\/tr>\n<tr>\n<td>53<\/td>\n<td>\u0130brahim\u015fehir<\/td>\n<td width=\"183\">ADNAN \u00d6ZASLAN<\/td>\n<td><a href=\"tel:05326723467\">05326723467<\/a><\/td>\n<\/tr>\n<tr>\n<td>54<\/td>\n<td>\u0130ncesu<\/td>\n<td width=\"183\">MEM\u0130K DA\u011eDEM\u0130R<\/td>\n<td><a href=\"tel:05343050778\">05343050778<\/a><\/td>\n<\/tr>\n<tr>\n<td>55<\/td>\n<td>\u0130skenderli<\/td>\n<td>MEHMET BEYAZO\u011eLU<\/td>\n<td><a href=\"tel:05357831105\">05357831105<\/a><\/td>\n<\/tr>\n<tr>\n<td>56<\/td>\n<td>Kabasak\u0131z<\/td>\n<td width=\"183\">MEHMET CUMAL\u0130 K\u0130RAZO\u011eLU<\/td>\n<td><a href=\"tel:05373179469\">05373179469<\/a><\/td>\n<\/tr>\n<tr>\n<td>57<\/td>\n<td>Karacaahmet<\/td>\n<td width=\"183\">MAHMUT K\u00d6K<\/td>\n<td><a href=\"tel:05398677989\">05398677989<\/a><\/td>\n<\/tr>\n<tr>\n<td>58<\/td>\n<td>Karacabur\u00e7<\/td>\n<td width=\"183\">SERVET YILMAZ<\/td>\n<td><a href=\"tel:05376043865\">05376043865<\/a><\/td>\n<\/tr>\n<tr>\n<td>59<\/td>\n<td>Karacao\u011flan<\/td>\n<td width=\"183\">KEMAL KAYA<\/td>\n<td><a href=\"tel:05326754397\">05326754397<\/a><\/td>\n<\/tr>\n<tr>\n<td>60<\/td>\n<td>Karaca\u00f6ren<\/td>\n<td width=\"183\">\u0130SA Y\u0130\u011e\u0130T<\/td>\n<td><a href=\"tel:05312116076\">05312116076<\/a><\/td>\n<\/tr>\n<tr>\n<td>61<\/td>\n<td>Karadede<\/td>\n<td width=\"183\">HASAN DO\u011eAN<\/td>\n<td><a href=\"tel:05334942730\">05334942730<\/a><\/td>\n<\/tr>\n<tr>\n<td>62<\/td>\n<td>Karah\u00f6y\u00fck<\/td>\n<td width=\"183\">HAN\u0130F\u0130 \u015eAHAN<\/td>\n<td><a href=\"tel:05325629224\">05325629224<\/a><\/td>\n<\/tr>\n<tr>\n<td>63<\/td>\n<td>Karakesek<\/td>\n<td width=\"183\">VEYSEL AVAN<\/td>\n<td><a href=\"tel:05343847072\">05343847072<\/a><\/td>\n<\/tr>\n<tr>\n<td>64<\/td>\n<td>Karayusuflu<\/td>\n<td width=\"183\">MUSTAFA \u00c7A\u011eLAR<\/td>\n<td><a href=\"tel:05352166374\">05352166374<\/a><\/td>\n<\/tr>\n<tr>\n<td>65<\/td>\n<td>Karpuzkaya<\/td>\n<td width=\"183\">ORHAN TA\u015eKIN<\/td>\n<td><a href=\"tel:05073960915\">05073960915<\/a><\/td>\n<\/tr>\n<tr>\n<td>66<\/td>\n<td>Kar\u015f\u0131yaka<\/td>\n<td width=\"183\">ABDULKER\u0130M KARAKA\u015e<\/td>\n<td><a href=\"tel:05322821804\">05322821804<\/a><\/td>\n<\/tr>\n<tr>\n<td>67<\/td>\n<td>Kaya\u00f6n\u00fc<\/td>\n<td width=\"183\">CAFER CEYLAN<\/td>\n<td><a href=\"tel:05324566792\">05324566792<\/a><\/td>\n<\/tr>\n<tr>\n<td>68<\/td>\n<td>K\u0131z\u0131kHamurkesen<\/td>\n<td width=\"183\">MEHMET DALYAN<\/td>\n<td><a href=\"tel:05396268697\">05396268697<\/a><\/td>\n<\/tr>\n<tr>\n<td>69<\/td>\n<td>K\u0131z\u0131kKarasakal<\/td>\n<td width=\"183\">MEHMET \u00d6ZALP<\/td>\n<td><a href=\"tel:05306653478\">05306653478<\/a><\/td>\n<\/tr>\n<tr>\n<td>70<\/td>\n<td>Ko\u00e7lu<\/td>\n<td width=\"183\">YUSUF ZENG\u0130N<\/td>\n<td><a href=\"tel:05355846726\">05355846726<\/a><\/td>\n<\/tr>\n<tr>\n<td>71<\/td>\n<td>Kozluyaz\u0131<\/td>\n<td width=\"183\">MUSTAFA DEL\u0130BA\u015eI<\/td>\n<td><a href=\"tel:05382507494\">05382507494<\/a><\/td>\n<\/tr>\n<tr>\n<td>72<\/td>\n<td>K\u00f6ksalan<\/td>\n<td width=\"183\">AYVAZ \u00c7EV\u0130K<\/td>\n<td><a href=\"tel:05337201080\">05337201080<\/a><\/td>\n<\/tr>\n<tr>\n<td>73<\/td>\n<td>K\u00fcll\u00fc<\/td>\n<td width=\"183\">FEVZ\u0130 BOZKAYA<\/td>\n<td><a href=\"tel:05300407727\">05300407727<\/a><\/td>\n<\/tr>\n<tr>\n<td>74<\/td>\n<td>Merve\u015fehir<\/td>\n<td width=\"183\">ADEM SEK\u0130BA\u011e<\/td>\n<td><a href=\"tel:05053581681\">05053581681<\/a><\/td>\n<\/tr>\n<tr>\n<td>75<\/td>\n<td>Mevlana<\/td>\n<td width=\"183\">OSMAN ARSLAN<\/td>\n<td><a href=\"tel:05334225043\">05334225043<\/a><\/td>\n<\/tr>\n<tr>\n<td>76<\/td>\n<td>M\u00fccahitler<\/td>\n<td width=\"183\">ABDULLAH O\u011eUZ<\/td>\n<td><a href=\"tel:05070474857\">05070474857<\/a><\/td>\n<\/tr>\n<tr>\n<td>77<\/td>\n<td>Nesimi<\/td>\n<td width=\"183\">DEVR\u0130\u015e TOP\u00c7U<\/td>\n<td><a href=\"tel:05426929223\">05426929223<\/a><\/td>\n<\/tr>\n<tr>\n<td>78<\/td>\n<td>Onatkutlar<\/td>\n<td width=\"183\">RAMAZAN ASLAN<\/td>\n<td><a href=\"tel:05325834196\">05325834196<\/a><\/td>\n<\/tr>\n<tr>\n<td>79<\/td>\n<td>Osmangazi<\/td>\n<td width=\"183\">MEHMET \u00d6ZASLAN<\/td>\n<td><a href=\"tel:05377940858\">05377940858<\/a><\/td>\n<\/tr>\n<tr>\n<td>80<\/td>\n<td>\u00d6\u011f\u00fcms\u00f6\u011f\u00fct<\/td>\n<td width=\"183\">\u00d6KKE\u015e DA\u015eGIN<\/td>\n<td><a href=\"tel:05327132563\">05327132563<\/a><\/td>\n<\/tr>\n<tr>\n<td>81<\/td>\n<td>\u00d6v\u00fcnd\u00fck<\/td>\n<td width=\"183\">NEB\u0130 YILMAZ<\/td>\n<td><a href=\"tel:05352113488\">05352113488<\/a><\/td>\n<\/tr>\n<tr>\n<td>82<\/td>\n<td>Pancarl\u0131<\/td>\n<td width=\"183\">D\u0130DEM KALKAN<\/td>\n<td><a href=\"tel:05380109318\">05380109318<\/a><\/td>\n<\/tr>\n<tr>\n<td>83<\/td>\n<td>Pirsultan<\/td>\n<td width=\"183\">TAHS\u0130N ATE\u015e<\/td>\n<td><a href=\"tel:05373328342\">05373328342<\/a><\/td>\n<\/tr>\n<tr>\n<td>84<\/td>\n<td>Sac\u0131r<\/td>\n<td width=\"183\">ASIM YA\u015eAR<\/td>\n<td><a href=\"tel:05377943922\">05377943922<\/a><\/td>\n<\/tr>\n<tr>\n<td>85<\/td>\n<td>Safa\u015fehir<\/td>\n<td width=\"183\">H\u00dcSEY\u0130N \u015e\u0130M\u015eEK<\/td>\n<td><a href=\"tel:05413272785\">05413272785<\/a><\/td>\n<\/tr>\n<tr>\n<td>86<\/td>\n<td>Sam<\/td>\n<td width=\"183\">H\u00dcSEY\u0130N KAYA<\/td>\n<td><a href=\"tel:05335747589\">05335747589<\/a><\/td>\n<\/tr>\n<tr>\n<td>87<\/td>\n<td>Sanayi<\/td>\n<td width=\"183\">ABDULLAT\u0130F KESK\u0130N<\/td>\n<td><a href=\"tel:05446451572\">05446451572<\/a><\/td>\n<\/tr>\n<tr>\n<td>88<\/td>\n<td>Sancaktepe<\/td>\n<td width=\"183\">AHMET \u00d6ZBAY<\/td>\n<td><a href=\"tel:05326485881\">05326485881<\/a><\/td>\n<\/tr>\n<tr>\n<td>89<\/td>\n<td>Sar\u0131g\u00fcll\u00fck<\/td>\n<td width=\"183\">\u0130BRAH\u0130M D\u00d6NER<\/td>\n<td><a href=\"tel:05308496781\">05308496781<\/a><\/td>\n<\/tr>\n<tr>\n<td>90<\/td>\n<td>Sar\u0131lar<\/td>\n<td width=\"183\">OSMAN I\u015eIK<\/td>\n<td><a href=\"tel:05072023400\">05072023400<\/a><\/td>\n<\/tr>\n<tr>\n<td>91<\/td>\n<td>Selehattin Eyy\u00fcbi<\/td>\n<td width=\"183\">YUSUF KE\u00c7EL<\/td>\n<td><a href=\"tel:05330550627\">05330550627<\/a><\/td>\n<\/tr>\n<tr>\n<td>92<\/td>\n<td>Selimiye<\/td>\n<td width=\"183\">MEHMET DEM\u0130R<\/td>\n<td><a href=\"tel:05314585197\">05314585197<\/a><\/td>\n<\/tr>\n<tr>\n<td>93<\/td>\n<td>Serintepe<\/td>\n<td width=\"183\">ADEM YILDIRIM<\/td>\n<td><a href=\"tel:05334848358\">05334848358<\/a><\/td>\n<\/tr>\n<tr>\n<td>94<\/td>\n<td>Seymenli<\/td>\n<td width=\"183\">\u015eAH\u0130N \u00d6ZKAYA<\/td>\n<td><a href=\"tel:05339278248\">05339278248<\/a><\/td>\n<\/tr>\n<tr>\n<td>95<\/td>\n<td>Seyrantepe<\/td>\n<td>HAMD\u0130 TA\u015eKIN<\/td>\n<td><a href=\"tel:05356814874\">05356814874<\/a><\/td>\n<\/tr>\n<tr>\n<td>96<\/td>\n<td>Sinan<\/td>\n<td width=\"183\">MUSTAFA YALANGOZ<\/td>\n<td><a href=\"tel:05395000323\">05395000323<\/a><\/td>\n<\/tr>\n<tr>\n<td>97<\/td>\n<td>Sofal\u0131c\u0131<\/td>\n<td width=\"183\">B\u00dcLENT G\u00dcVEN\u00c7<\/td>\n<td><a href=\"tel:05385811896\">05385811896<\/a><\/td>\n<\/tr>\n<tr>\n<td>98<\/td>\n<td>Subo\u011faz\u0131<\/td>\n<td width=\"183\">MUSTAFA BOZKAYA<\/td>\n<td><a href=\"tel:05342106700\">05342106700<\/a><\/td>\n<\/tr>\n<tr>\n<td>99<\/td>\n<td>S\u00fcl\u00fckl\u00fc<\/td>\n<td width=\"183\">TURAN CINCIK<\/td>\n<td><a href=\"tel:05355069826\">05355069826<\/a><\/td>\n<\/tr>\n<tr>\n<td>100<\/td>\n<td>\u015eirinevler<\/td>\n<td width=\"183\">BAYRAM ATA\u015e<\/td>\n<td><a href=\"tel:05337045015\">05337045015<\/a><\/td>\n<\/tr>\n<tr>\n<td>101<\/td>\n<td>Ta\u015fl\u0131ca<\/td>\n<td width=\"183\">MEHMET ERGEN<\/td>\n<td><a href=\"tel:05313985034\">05313985034<\/a><\/td>\n<\/tr>\n<tr>\n<td>102<\/td>\n<td>Tekirsin<\/td>\n<td width=\"183\">ENVER \u00dcZ\u00dcMC\u00dc<\/td>\n<td><a href=\"tel:05327626837\">05327626837<\/a><\/td>\n<\/tr>\n<tr>\n<td>103<\/td>\n<td>Tokdemir<\/td>\n<td width=\"183\">ADEM YE\u015e\u0130LBA\u011e<\/td>\n<td><a href=\"tel:05364140783\">05364140783<\/a><\/td>\n<\/tr>\n<tr>\n<td>104<\/td>\n<td>Tu\u011flu<\/td>\n<td width=\"183\">\u0130SMA\u0130L KORKMAZ<\/td>\n<td><a href=\"tel:05386369083\">05386369083<\/a><\/td>\n<\/tr>\n<tr>\n<td>105<\/td>\n<td>T\u00fcrkyurdu<\/td>\n<td width=\"183\">\u015eABAN ULUDA\u011e<\/td>\n<td><a href=\"tel:05355092063\">05355092063<\/a><\/td>\n<\/tr>\n<tr>\n<td>106<\/td>\n<td>U\u011fruca<\/td>\n<td width=\"183\">AHMET DEM\u0130R<\/td>\n<td><a href=\"tel:05323773822\">05323773822<\/a><\/td>\n<\/tr>\n<tr>\n<td>107<\/td>\n<td>Umut<\/td>\n<td width=\"183\">\u00d6MER ASLAN<\/td>\n<td><a href=\"tel:05384468557\">05384468557<\/a><\/td>\n<\/tr>\n<tr>\n<td>108<\/td>\n<td>\u00dc\u00e7g\u00f6ze<\/td>\n<td width=\"183\">\u0130SMA\u0130L K\u00dcLEK<\/td>\n<td><a href=\"tel:05342778752\">05342778752<\/a><\/td>\n<\/tr>\n<tr>\n<td>109<\/td>\n<td>\u00dclkerli<\/td>\n<td width=\"183\">AD\u0130L YILMAZ<\/td>\n<td><a href=\"tel:05353058474\">05353058474<\/a><\/td>\n<\/tr>\n<tr>\n<td>110<\/td>\n<td>Yalangoz<\/td>\n<td width=\"183\">MEM\u0130K \u00d6ZSOY<\/td>\n<td><a href=\"tel:05366409005\">05366409005<\/a><\/td>\n<\/tr>\n<tr>\n<td>111<\/td>\n<td>Yama\u00e7oba<\/td>\n<td width=\"183\">ERDO\u011eAN G\u00d6\u011e\u00dc\u015e<\/td>\n<td><a href=\"tel:05425659301\">05425659301<\/a><\/td>\n<\/tr>\n<tr>\n<td>112<\/td>\n<td>Yaprak<\/td>\n<td width=\"183\">MAHMUT DUYAR<\/td>\n<td><a href=\"tel:05367397452\">05367397452<\/a><\/td>\n<\/tr>\n<tr>\n<td>113<\/td>\n<td>Yay\u0131kta\u015f<\/td>\n<td width=\"183\">EY\u00dcP YA\u015eAR<\/td>\n<td><a href=\"tel:05334358311\">05334358311<\/a><\/td>\n<\/tr>\n<tr>\n<td>114<\/td>\n<td>Yeni\u015farkaya<\/td>\n<td width=\"183\">AL\u0130 \u015eEKERO\u011eLU<\/td>\n<td><a href=\"tel:05323881127\">05323881127<\/a><\/td>\n<\/tr>\n<tr>\n<td>115<\/td>\n<td>Ye\u015filce<\/td>\n<td width=\"183\">DURDU MEHMET TAZEO\u011eLU<\/td>\n<td><a href=\"tel:05322146073\">05322146073<\/a><\/td>\n<\/tr>\n<tr>\n<td>116<\/td>\n<td>Y\u0131\u011f\u0131nl\u0131<\/td>\n<td width=\"183\">KAD\u0130R BAYG\u00dcN<\/td>\n<td><a href=\"tel:05427347489\">05427347489<\/a><\/td>\n<\/tr>\n<tr>\n<td>117<\/td>\n<td>Yukar\u0131 Ar\u0131l<\/td>\n<td width=\"183\">ERDAL \u00d6ZER<\/td>\n<td><a href=\"tel:05358612831\">05358612831<\/a><\/td>\n<\/tr>\n<tr>\n<td>118<\/td>\n<td>Yukar\u0131 Beylerbeyi<\/td>\n<td width=\"183\">BAYRAM T\u00dcRK<\/td>\n<td><a href=\"tel:05343099176\">05343099176<\/a><\/td>\n<\/tr>\n<tr>\n<td>119<\/td>\n<td>Z\u00fclfikar<\/td>\n<td width=\"183\">BE\u015e\u0130R YILMAZ<\/td>\n<td><a href=\"tel:05355244060\">05355244060<\/a><\/td>\n<\/tr>\n<\/tbody>\n<\/table>\n<p>&nbsp;<\/p>\n<\/div>\n<\/div><\/div><\/div><\/div><div id=\"pg-606-1\"  class=\"panel-grid panel-no-style\" ><div id=\"pgc-606-1-0\"  class=\"panel-grid-cell\" ><div id=\"panel-606-1-0-0\" class=\"so-panel widget widget_xyz_insert_php_widget panel-first-child panel-last-child\" data-index=\"1\" ><h3 class=\"widget-title\">Sayfa sonu<\/h3>0<\/div><\/div><div id=\"pgc-606-1-1\"  class=\"panel-grid-cell\" ><div id=\"panel-606-1-1-0\" class=\"widget_text so-panel widget widget_custom_html panel-first-child panel-last-child\" data-index=\"2\" ><div class=\"textwidget custom-html-widget\"><\/div><\/div><\/div><\/div><\/div>","protected":false},"excerpt":{"rendered":"<p>DOSYAYI \u0130ND\u0130R\u00a0 \u00a0 K\u00d6Y \u0130MARLI MERKEZ AYRILMI\u015e \u015eEK\u0130LDE EXCEL \u0130ND\u0130REB\u0130L\u0130RS\u0130N\u0130Z. S.NO MAHALLEN\u0130N ADI MUHTARIN ADI VE SOYADI D\u0130REKT ARAMA 1 [&hellip;]<\/p>\n","protected":false},"author":9,"featured_media":0,"parent":0,"menu_order":0,"comment_status":"closed","ping_status":"closed","template":"","meta":[],"_links":{"self":[{"href":"https:\/\/komur.sehitkamilsydv.org.tr\/index.php\/wp-json\/wp\/v2\/pages\/606"}],"collection":[{"href":"https:\/\/komur.sehitkamilsydv.org.tr\/index.php\/wp-json\/wp\/v2\/pages"}],"about":[{"href":"https:\/\/komur.sehitkamilsydv.org.tr\/index.php\/wp-json\/wp\/v2\/types\/page"}],"author":[{"embeddable":true,"href":"https:\/\/komur.sehitkamilsydv.org.tr\/index.php\/wp-json\/wp\/v2\/users\/9"}],"replies":[{"embeddable":true,"href":"https:\/\/komur.sehitkamilsydv.org.tr\/index.php\/wp-json\/wp\/v2\/comments?post=606"}],"version-history":[{"count":61,"href":"https:\/\/komur.sehitkamilsydv.org.tr\/index.php\/wp-json\/wp\/v2\/pages\/606\/revisions"}],"predecessor-version":[{"id":3605,"href":"https:\/\/komur.sehitkamilsydv.org.tr\/index.php\/wp-json\/wp\/v2\/pages\/606\/revisions\/3605"}],"wp:attachment":[{"href":"https:\/\/komur.sehitkamilsydv.org.tr\/index.php\/wp-json\/wp\/v2\/media?parent=606"}],"curies":[{"name":"wp","href":"https:\/\/api.w.org\/{rel}","templated":true}]}}