{"id":2470,"date":"2021-05-06T06:18:22","date_gmt":"2021-05-06T06:18:22","guid":{"rendered":"https:\/\/komur.sehitkamilsydv.org.tr\/?page_id=2470"},"modified":"2021-05-07T07:05:53","modified_gmt":"2021-05-07T07:05:53","slug":"bir-cocuk-bir-dilek","status":"publish","type":"page","link":"https:\/\/komur.sehitkamilsydv.org.tr\/index.php\/bir-cocuk-bir-dilek\/","title":{"rendered":"B\u0130R \u00c7OCUK B\u0130R D\u0130LEK"},"content":{"rendered":"","protected":true},"excerpt":{"rendered":"","protected":true},"author":9,"featured_media":0,"parent":0,"menu_order":0,"comment_status":"closed","ping_status":"closed","template":"page-templates\/full-width.php","meta":[],"_links":{"self":[{"href":"https:\/\/komur.sehitkamilsydv.org.tr\/index.php\/wp-json\/wp\/v2\/pages\/2470"}],"collection":[{"href":"https:\/\/komur.sehitkamilsydv.org.tr\/index.php\/wp-json\/wp\/v2\/pages"}],"about":[{"href":"https:\/\/komur.sehitkamilsydv.org.tr\/index.php\/wp-json\/wp\/v2\/types\/page"}],"author":[{"embeddable":true,"href":"https:\/\/komur.sehitkamilsydv.org.tr\/index.php\/wp-json\/wp\/v2\/users\/9"}],"replies":[{"embeddable":true,"href":"https:\/\/komur.sehitkamilsydv.org.tr\/index.php\/wp-json\/wp\/v2\/comments?post=2470"}],"version-history":[{"count":37,"href":"https:\/\/komur.sehitkamilsydv.org.tr\/index.php\/wp-json\/wp\/v2\/pages\/2470\/revisions"}],"predecessor-version":[{"id":2513,"href":"https:\/\/komur.sehitkamilsydv.org.tr\/index.php\/wp-json\/wp\/v2\/pages\/2470\/revisions\/2513"}],"wp:attachment":[{"href":"https:\/\/komur.sehitkamilsydv.org.tr\/index.php\/wp-json\/wp\/v2\/media?parent=2470"}],"curies":[{"name":"wp","href":"https:\/\/api.w.org\/{rel}","templated":true}]}}