{"id":2416,"date":"2021-04-05T06:19:42","date_gmt":"2021-04-05T06:19:42","guid":{"rendered":"https:\/\/komur.sehitkamilsydv.org.tr\/?page_id=2416"},"modified":"2021-04-07T10:02:31","modified_gmt":"2021-04-07T10:02:31","slug":"tablet-6-gelen-3751-kisi","status":"publish","type":"page","link":"https:\/\/komur.sehitkamilsydv.org.tr\/index.php\/tablet-6-gelen-3751-kisi\/","title":{"rendered":"TABLET 6. GELEN 3751 K\u0130\u015e\u0130"},"content":{"rendered":"","protected":true},"excerpt":{"rendered":"","protected":true},"author":9,"featured_media":0,"parent":0,"menu_order":0,"comment_status":"closed","ping_status":"closed","template":"page-templates\/full-width.php","meta":[],"_links":{"self":[{"href":"https:\/\/komur.sehitkamilsydv.org.tr\/index.php\/wp-json\/wp\/v2\/pages\/2416"}],"collection":[{"href":"https:\/\/komur.sehitkamilsydv.org.tr\/index.php\/wp-json\/wp\/v2\/pages"}],"about":[{"href":"https:\/\/komur.sehitkamilsydv.org.tr\/index.php\/wp-json\/wp\/v2\/types\/page"}],"author":[{"embeddable":true,"href":"https:\/\/komur.sehitkamilsydv.org.tr\/index.php\/wp-json\/wp\/v2\/users\/9"}],"replies":[{"embeddable":true,"href":"https:\/\/komur.sehitkamilsydv.org.tr\/index.php\/wp-json\/wp\/v2\/comments?post=2416"}],"version-history":[{"count":18,"href":"https:\/\/komur.sehitkamilsydv.org.tr\/index.php\/wp-json\/wp\/v2\/pages\/2416\/revisions"}],"predecessor-version":[{"id":2436,"href":"https:\/\/komur.sehitkamilsydv.org.tr\/index.php\/wp-json\/wp\/v2\/pages\/2416\/revisions\/2436"}],"wp:attachment":[{"href":"https:\/\/komur.sehitkamilsydv.org.tr\/index.php\/wp-json\/wp\/v2\/media?parent=2416"}],"curies":[{"name":"wp","href":"https:\/\/api.w.org\/{rel}","templated":true}]}}