{"id":1416,"date":"2021-01-17T20:10:21","date_gmt":"2021-01-17T20:10:21","guid":{"rendered":"https:\/\/komur.sehitkamilsydv.org.tr\/?page_id=1416"},"modified":"2021-03-02T06:31:39","modified_gmt":"2021-03-02T06:31:39","slug":"yeni-tablet-46-bin","status":"publish","type":"page","link":"https:\/\/komur.sehitkamilsydv.org.tr\/index.php\/yeni-tablet-46-bin\/","title":{"rendered":"TABLET 3. GELEN DOSYA 46000 K\u0130\u015e\u0130"},"content":{"rendered":"","protected":true},"excerpt":{"rendered":"","protected":true},"author":9,"featured_media":0,"parent":0,"menu_order":0,"comment_status":"closed","ping_status":"closed","template":"page-templates\/full-width.php","meta":[],"_links":{"self":[{"href":"https:\/\/komur.sehitkamilsydv.org.tr\/index.php\/wp-json\/wp\/v2\/pages\/1416"}],"collection":[{"href":"https:\/\/komur.sehitkamilsydv.org.tr\/index.php\/wp-json\/wp\/v2\/pages"}],"about":[{"href":"https:\/\/komur.sehitkamilsydv.org.tr\/index.php\/wp-json\/wp\/v2\/types\/page"}],"author":[{"embeddable":true,"href":"https:\/\/komur.sehitkamilsydv.org.tr\/index.php\/wp-json\/wp\/v2\/users\/9"}],"replies":[{"embeddable":true,"href":"https:\/\/komur.sehitkamilsydv.org.tr\/index.php\/wp-json\/wp\/v2\/comments?post=1416"}],"version-history":[{"count":21,"href":"https:\/\/komur.sehitkamilsydv.org.tr\/index.php\/wp-json\/wp\/v2\/pages\/1416\/revisions"}],"predecessor-version":[{"id":2303,"href":"https:\/\/komur.sehitkamilsydv.org.tr\/index.php\/wp-json\/wp\/v2\/pages\/1416\/revisions\/2303"}],"wp:attachment":[{"href":"https:\/\/komur.sehitkamilsydv.org.tr\/index.php\/wp-json\/wp\/v2\/media?parent=1416"}],"curies":[{"name":"wp","href":"https:\/\/api.w.org\/{rel}","templated":true}]}}