{"id":1010,"date":"2020-12-09T19:17:58","date_gmt":"2020-12-09T19:17:58","guid":{"rendered":"https:\/\/komur.sehitkamilsydv.org.tr\/?page_id=1010"},"modified":"2021-05-06T07:49:38","modified_gmt":"2021-05-06T07:49:38","slug":"teblat","status":"publish","type":"page","link":"https:\/\/komur.sehitkamilsydv.org.tr\/index.php\/teblat\/","title":{"rendered":"TABLET 1. GELEN DOSYA 36200 K\u0130\u015e\u0130"},"content":{"rendered":"","protected":true},"excerpt":{"rendered":"","protected":true},"author":9,"featured_media":0,"parent":0,"menu_order":0,"comment_status":"closed","ping_status":"closed","template":"page-templates\/full-width.php","meta":[],"_links":{"self":[{"href":"https:\/\/komur.sehitkamilsydv.org.tr\/index.php\/wp-json\/wp\/v2\/pages\/1010"}],"collection":[{"href":"https:\/\/komur.sehitkamilsydv.org.tr\/index.php\/wp-json\/wp\/v2\/pages"}],"about":[{"href":"https:\/\/komur.sehitkamilsydv.org.tr\/index.php\/wp-json\/wp\/v2\/types\/page"}],"author":[{"embeddable":true,"href":"https:\/\/komur.sehitkamilsydv.org.tr\/index.php\/wp-json\/wp\/v2\/users\/9"}],"replies":[{"embeddable":true,"href":"https:\/\/komur.sehitkamilsydv.org.tr\/index.php\/wp-json\/wp\/v2\/comments?post=1010"}],"version-history":[{"count":251,"href":"https:\/\/komur.sehitkamilsydv.org.tr\/index.php\/wp-json\/wp\/v2\/pages\/1010\/revisions"}],"predecessor-version":[{"id":2481,"href":"https:\/\/komur.sehitkamilsydv.org.tr\/index.php\/wp-json\/wp\/v2\/pages\/1010\/revisions\/2481"}],"wp:attachment":[{"href":"https:\/\/komur.sehitkamilsydv.org.tr\/index.php\/wp-json\/wp\/v2\/media?parent=1010"}],"curies":[{"name":"wp","href":"https:\/\/api.w.org\/{rel}","templated":true}]}}